{"id":7078,"date":"2025-03-07T14:19:37","date_gmt":"2025-03-07T13:19:37","guid":{"rendered":"https:\/\/madawhalesharks2025.romaincariou.com\/privacy-policy\/"},"modified":"2025-08-28T11:06:30","modified_gmt":"2025-08-28T10:06:30","slug":"politique-de-confidentialite","status":"publish","type":"page","link":"https:\/\/www.madawhalesharks.org\/fr\/politique-de-confidentialite\/","title":{"rendered":"Politique de confidentialit\u00e9"},"content":{"rendered":"\n<h2 class=\"wp-block-heading\">\u00c9diteur du site<\/h2>\n\n\n\n<p>Le\u202fLien\u202fPsy \u2013 Association loi 1901<\/p>\n\n\n\n<p>SIREN : 532\u202f689\u202f023 \u2013 Si\u00e8ge social : 22 rue du Sentier, 75002 Paris (anciennement 26 rue du Commandant Mouchotte, 75014 Paris)&nbsp;<\/p>\n\n\n\n<p>Objet de l\u2019association : proposer et d\u00e9velopper des soins psychiques \u00e0 domicile, notamment pour les personnes en situation de d\u00e9pendance ou de handicap.<\/p>\n\n\n\n<div style=\"height:100px\" aria-hidden=\"true\" class=\"wp-block-spacer\"><\/div>\n\n\n\n<h2 class=\"wp-block-heading\">Contacts<\/h2>\n\n\n\n<p>T\u00e9l\u00e9phone : 01\u202f77\u202f75\u202f97\u202f13&nbsp;<\/p>\n\n\n\n<p>E\u2011mail : contact@lelienpsy.fr&nbsp;<\/p>\n\n\n\n<p><\/p>\n\n\n\n<h3 class=\"wp-block-heading\"><strong>Directrice de publication<\/strong><\/h3>\n\n\n\n<p>Marie\u202fJaulin \u2013 Psychologue clinicienne, psychoth\u00e9rapeute et responsable du collectif Le\u202fLien\u202fPsy&nbsp;<\/p>\n\n\n\n<h3 class=\"wp-block-heading\"><strong>H\u00e9bergement<\/strong><\/h3>\n\n\n\n<p>Gandi SAS<br>Si\u00e8ge social : 63-65 boulevard Mass\u00e9na, 75013 Paris, France<br>T\u00e9l\u00e9phone : +33 (0)1 70 37 76 61<br>Site : <a href=\"https:\/\/www.gandi.net\">https:\/\/www.gandi.net<\/a><\/p>\n\n\n\n<div style=\"height:100px\" aria-hidden=\"true\" class=\"wp-block-spacer\"><\/div>\n\n\n\n<h2 class=\"wp-block-heading\">Donn\u00e9es personnelles &amp; formulaire de contact<\/h2>\n\n\n\n<p>Les donn\u00e9es envoy\u00e9es via le formulaire de contact sont utilis\u00e9es exclusivement pour r\u00e9pondre \u00e0 vos demandes. En soumettant vos informations, vous acceptez leur traitement \u00e0 cette fin. Conform\u00e9ment au RGPD, vous avez un droit d\u2019acc\u00e8s, de rectification et de suppression des donn\u00e9es vous concernant. Contactez contact@lelienpsy.fr pour l\u2019exercer.&nbsp;<\/p>\n\n\n\n<div style=\"height:100px\" aria-hidden=\"true\" class=\"wp-block-spacer\"><\/div>\n\n\n\n<h2 class=\"wp-block-heading\">Propri\u00e9t\u00e9 intellectuelle<\/h2>\n\n\n\n<p>L\u2019ensemble des \u00e9l\u00e9ments pr\u00e9sents sur ce site (textes, visuels, logos, etc.) est prot\u00e9g\u00e9 par le droit de la propri\u00e9t\u00e9 intellectuelle. Toute reproduction, partielle ou totale, est interdite sans autorisation expresse de l\u2019\u00e9diteur<\/p>\n\n\n\n<div style=\"height:100px\" aria-hidden=\"true\" class=\"wp-block-spacer\"><\/div>\n\n\n\n<h2 class=\"wp-block-heading\">Responsabilit\u00e9<\/h2>\n\n\n\n<p>Le\u202fLien\u202fPsy met tout en \u0153uvre pour assurer l\u2019exactitude et la mise \u00e0 jour des informations publi\u00e9es. Toutefois, l\u2019\u00e9diteur ne peut garantir l\u2019exactitude, la compl\u00e9tude ou l\u2019actualit\u00e9 des contenus. L\u2019utilisation des informations publi\u00e9es se fait sous la seule responsabilit\u00e9 de l\u2019utilisateur.<\/p>\n\n\n\n<div style=\"height:100px\" aria-hidden=\"true\" class=\"wp-block-spacer\"><\/div>\n\n\n\n<h2 class=\"wp-block-heading\">Liens externes<\/h2>\n\n\n\n<p>Les liens vers d\u2019autres sites pr\u00e9sents sur ce site sont fournis \u00e0 titre d\u2019information. Le\u202fLien\u202fPsy n\u2019exerce aucun contr\u00f4le sur leur contenu et d\u00e9cline toute responsabilit\u00e9 quant \u00e0 leur disponibilit\u00e9 ou fiabilit\u00e9.<\/p>\n\n\n\n<div style=\"height:100px\" aria-hidden=\"true\" class=\"wp-block-spacer\"><\/div>\n\n\n\n<h2 class=\"wp-block-heading\">Cookies<\/h2>\n\n\n\n<p>Ce site peut \u00eatre amen\u00e9 \u00e0 installer des cookies n\u00e9cessaires \u00e0 son bon fonctionnement ou utiles \u00e0 l\u2019analyse d\u2019audience et \u00e0 des usages personnalis\u00e9s. Vous \u00eates inform\u00e9\u00b7e et pouvez exprimer vos choix via un bandeau de consentement.<\/p>\n","protected":false},"excerpt":{"rendered":"<p>\u00c9diteur du site Le\u202fLien\u202fPsy \u2013 Association loi 1901 SIREN : 532\u202f689\u202f023 \u2013 Si\u00e8ge social : 22 rue du Sentier, 75002 Paris (anciennement 26 rue du Commandant Mouchotte, 75014 Paris)&nbsp; Objet de l\u2019association : proposer et d\u00e9velopper des soins psychiques \u00e0 [&hellip;]<\/p>\n","protected":false},"author":7,"featured_media":0,"parent":0,"menu_order":0,"comment_status":"closed","ping_status":"closed","template":"templates-part\/page-type-2.php","meta":{"_acf_changed":false,"footnotes":""},"class_list":["post-7078","page","type-page","status-publish","hentry"],"acf":[],"_links":{"self":[{"href":"https:\/\/www.madawhalesharks.org\/fr\/wp-json\/wp\/v2\/pages\/7078","targetHints":{"allow":["GET"]}}],"collection":[{"href":"https:\/\/www.madawhalesharks.org\/fr\/wp-json\/wp\/v2\/pages"}],"about":[{"href":"https:\/\/www.madawhalesharks.org\/fr\/wp-json\/wp\/v2\/types\/page"}],"author":[{"embeddable":true,"href":"https:\/\/www.madawhalesharks.org\/fr\/wp-json\/wp\/v2\/users\/7"}],"replies":[{"embeddable":true,"href":"https:\/\/www.madawhalesharks.org\/fr\/wp-json\/wp\/v2\/comments?post=7078"}],"version-history":[{"count":1,"href":"https:\/\/www.madawhalesharks.org\/fr\/wp-json\/wp\/v2\/pages\/7078\/revisions"}],"predecessor-version":[{"id":7079,"href":"https:\/\/www.madawhalesharks.org\/fr\/wp-json\/wp\/v2\/pages\/7078\/revisions\/7079"}],"wp:attachment":[{"href":"https:\/\/www.madawhalesharks.org\/fr\/wp-json\/wp\/v2\/media?parent=7078"}],"curies":[{"name":"wp","href":"https:\/\/api.w.org\/{rel}","templated":true}]}}